{"id":1198,"date":"2019-06-13T15:19:29","date_gmt":"2019-06-13T15:19:29","guid":{"rendered":"https:\/\/www.sifonecompany.com\/site\/?page_id=1198"},"modified":"2020-04-14T21:43:37","modified_gmt":"2020-04-14T21:43:37","slug":"pagos-electronicos","status":"publish","type":"page","link":"https:\/\/www.sifonecompany.com\/site\/pagos-electronicos\/","title":{"rendered":"Pagos electr\u00f3nicos"},"content":{"rendered":"    <!--[section]-->\n\t\t<style>\n.bd-section-1276460207{padding-top:2em;background-color:#009b80;}\n.bd-section-1276460207{\n\tline-height:  27.2px;\n\ttext-align:  center;\n\tcolor:  #ffffff;\n\tfont-size:  16px;\n}\n.bd-section-1276460207 h4{\n\tline-height:  28.8px;\n\tfont-size:  24px;\n\tfont-weight:  500;\n\tmargin-top:  0.7em;\n\tmargin-bottom:  0.7em;\n}\n.bd-section-1276460207 h3{\n\tline-height:  48.57142859px;\n\tfont-size:  34px;\n}\n.bd-section-1276460207 h2{\n\tline-height:  30px;\n\tfont-size:  20px;\n\tletter-spacing:  1px;\n\tfont-weight:  400;\n\tfont-style:  normal;\n}\n.bd-section-1276460207 h1{\n\tline-height:  94.5px;\n\tfont-weight:  bold;\n\tfont-size:  63px;\n\ttext-transform:  uppercase;\n\tletter-spacing:  1px;\n\tcolor:  #ffffff;\n\tfont-family:  Roboto, Arial, 'Arial Unicode MS', Helvetica, sans-serif;\n}\n\n@media (max-width: 1199px) {.bd-section-1276460207 h3{\n\tline-height:  42.85714287px;\n\tfont-size:  30px;\n}\n.bd-section-1276460207 h1{\n\tline-height:  68.57142859px;\n\tfont-size:  48px;\n}\n}\n@media (max-width: 991px) {.bd-section-1276460207 h3{\n\tline-height:  34.2857143px;\n\tfont-size:  24px;\n}\n.bd-section-1276460207 h1{\n\tline-height:  54px;\n\tfont-size:  36px;\n}\n}\n@media (max-width: 767px) {.bd-section-1276460207 h3{\n\tline-height:  22.85714286px;\n\tfont-size:  16px;\n}\n.bd-section-1276460207 h1{\n\tline-height:  42.85714287px;\n\tfont-size:  30px;\n}\n}<\/style>\t\t<section id=section4 class=\" bd-section-1276460207  bd-tagstyles\" data-section-title=\"Six Columns With Header\">\n\t\t\t<div class=\"bd-container-inner bd-margins clearfix\">\n\t\t\t\t<!--{content}-->\n\t\t\t\t\t    <!--[columns]-->\n        <style>\n.bd-layoutcontainer-1422219800 > .bd-container-inner > .container-fluid > .row{height:calc(120%);margin:-10px;}\n.bd-layoutcontainer-1422219800 > .bd-container-inner > .container-fluid > .row > div{padding:10px;}\n.bd-layoutcontainer-1422219800  > .bd-container-inner > .container-fluid:after{display:none;}<\/style><style>\n.bd-layoutcontainer-1422219800 > .bd-container-inner > .container-fluid, .bd-layoutcontainer-1422219800 > .bd-container-inner > .container-fluid > .row{height:100%;}<\/style><style>.bd-layoutcontainer-1422219800 > .bd-container-inner > .container-fluid {padding-left: 0; padding-right: 0;}<\/style>        <style><\/style>        <div class=\" bd-layoutcontainer-1422219800  bd-columns bd-no-margins\">\n            <div class=\"bd-container-inner\">\n                <div class=\"container-fluid\">\n                    <div class=\"row bd-row-flex bd-row-align-top\">\n                        <!--{content}-->\n                                <!--[column]-->\n        <div class=\"col-xs-12 bd-columnwrapper-1011234953\">\n            <div class=\"bd-column  bd-layoutcolumn-1011234953 \">\n                <div class=\"bd-vertical-align-wrapper\">\n                    <!--{content}-->\n                            <!--[animation]-->\n        <style>\n        .bd-animation-565388735.animated.zoomIn {\n            -webkit-animation-duration: 1000ms;\n            animation-duration: 1000ms;\n            -webkit-animation-delay: 0ms;\n            animation-delay: 0ms;\n            \n        }\n        <\/style>        <!--{content}-->\n                <!--[text]-->\n        <style>\n.additional-class-1301803606{outline-offset:2px;margin:0px;}\n@media (max-width: 767px) {.additional-class-1301803606{margin-bottom:2px;margin-top:0px;}}<\/style>        <h1 class=\" additional-class-1301803606 bd-no-margins bd-content-element animated  bd-animation-565388735 \" data-animation-name=\"zoomIn\" data-animation-event=\"onload\" data-animation-duration=\"1000ms\" data-animation-delay=\"0ms\" data-animation-infinited=\"false\">\n            <!--{content}-->\n                Pagos Electr\u00f3nicos            <!--{\/content}-->\n        <\/h1>\n    <!--[\/text]-->\n        <!--{\/content}-->\n    <!--[\/animation]-->\n\n    \n\t\n\t\t    <!--[text]-->\n        <style>\n.additional-class-1802842569{margin-top:0px;margin-bottom:0px;}\n@media (max-width: 767px) {.additional-class-1802842569{margin-bottom:0px;}}<\/style>        <h3 class=\" additional-class-1802842569  bd-content-element\">\n            <!--{content}-->\n                La mejor opci\u00f3n de pagos electr\u00f3nicos en l\u00ednea            <!--{\/content}-->\n        <\/h3>\n    <!--[\/text]-->\n\n\t\n\t\t    <!--[animation]-->\n        <style>\n        .bd-animation-712770571.animated.slideInUp {\n            -webkit-animation-duration: 1000ms;\n            animation-duration: 1000ms;\n            -webkit-animation-delay: 0ms;\n            animation-delay: 0ms;\n            \n        }\n        <\/style>        <!--{content}-->\n            \n    <!--[separator]-->\n    <style>\n.bd-separator-1582440902{margin-top:0px;padding:10px 0px;}\n@media (max-width: 767px) {.bd-separator-1582440902{margin-top:2px;}}<\/style>        <style>\n.bd-separator-1582440902 .bd-separator-inner:before, .bd-separator-1582440902 .bd-separator-inner:after{border-top:2px solid #ffffff;}<\/style>    <style>\n.bd-separator-1582440902 .bd-separator-inner{width:30%;}<\/style>\n    <div class=\" bd-separator-1582440902  bd-separator-center bd-separator-content-center clearfix animated  bd-animation-712770571 \" data-animation-name=\"slideInUp\" data-animation-event=\"onload\" data-animation-duration=\"1000ms\" data-animation-delay=\"0ms\" data-animation-infinited=\"false\">\n        <div class=\"bd-container-inner animated  bd-animation-712770571 \" data-animation-name=\"slideInUp\" data-animation-event=\"onload\" data-animation-duration=\"1000ms\" data-animation-delay=\"0ms\" data-animation-infinited=\"false\">\n            <div class=\"bd-separator-inner animated  bd-animation-712770571 \" data-animation-name=\"slideInUp\" data-animation-event=\"onload\" data-animation-duration=\"1000ms\" data-animation-delay=\"0ms\" data-animation-infinited=\"false\">\n                                <!--{content}--><!--{\/content}-->\n            <\/div>\n        <\/div>\n    <\/div>\n    <!--[\/separator]-->\n\n            <!--{\/content}-->\n    <!--[\/animation]-->\n\n                        <!--{\/content}-->\n                <\/div>\n            <\/div>\n        <\/div>\n    <!--[\/column]-->\n                        <!--{\/content}-->\n                    <\/div>\n                <\/div>\n            <\/div>\n        <\/div>\n    <!--[\/columns]-->\n\t\t\t\t<!--{\/content}-->\n\t\t\t<\/div>\n\t\t<\/section>\n\t<!--[\/section]-->\n\n    <!--[section]-->\n\t\t<style>\n.bd-section-2031608740{padding-bottom:3em;background-size:contain;position:relative;background-color:#009b80;padding-right:2em;padding-left:2em;}\n@media (max-width: 991px) {.bd-section-2031608740{padding-top:1em;padding-bottom:2em;}}\n@media (max-width: 767px) {.bd-section-2031608740{padding:1em 1em 2em;}}\n.bd-section-2031608740{\n\tline-height:  27.2px;\n\tcolor:  #f7f7f7;\n\tfont-size:  16px;\n}\n.bd-section-2031608740 h1{\n\tline-height:  42.85714287px;\n\tfont-size:  30px;\n\ttext-transform:  none;\n\tcolor:  #ffffff;\n\tfont-weight:  bold;\n}\n\n@media (max-width: 767px) {.bd-section-2031608740{\n\tline-height:  20.00000001px;\n\tfont-size:  14px;\n}\n}<\/style>\t\t<section id=section4 class=\" bd-section-2031608740  bd-tagstyles\" data-section-title=\"Business Image Right To Text\">\n\t\t\t<div class=\"bd-container-inner bd-margins clearfix\">\n\t\t\t\t<!--{content}-->\n\t\t\t\t\t<!--[fluid]--><!--{content}-->    <!--[columns]-->\n        <style>\n.bd-layoutcontainer-983215295  > .bd-container-inner > .container-fluid:after{display:none;}<\/style><style>\n.bd-layoutcontainer-983215295 > .bd-container-inner > .container-fluid, .bd-layoutcontainer-983215295 > .bd-container-inner > .container-fluid > .row{height:100%;}<\/style><style>.bd-layoutcontainer-983215295 > .bd-container-inner > .container-fluid {padding-left: 0; padding-right: 0;}<\/style>        <style>\n.bd-layoutcolumn-1125763973{\n\ttext-align:  center;\n}\n<\/style>        <div class=\" bd-layoutcontainer-983215295 bd-page-width  bd-columns bd-no-margins\">\n            <div class=\"bd-container-inner\">\n                <div class=\"container-fluid\">\n                    <div class=\"row bd-row-flex bd-row-align-middle\">\n                        <!--{content}-->\n                                <!--[column]-->\n        <div class=\"col-lg-12 col-md-12 bd-columnwrapper-1125763973\">\n            <div class=\"bd-column  bd-layoutcolumn-1125763973 \">\n                <div class=\"bd-vertical-align-wrapper\">\n                    <!--{content}-->\n                        <!--[image]--><style>\n.additional-class-628204586{width:80%;height:100%;display:inline-block;}\n@media (max-width: 1199px) {.additional-class-628204586{margin-left:auto;margin-right:auto;display:block;}}<\/style><img src=\"https:\/\/www.sifonecompany.com\/site\/wp-content\/uploads\/2019\/06\/f30c9e5f7300459984f0d40898fa1bb7_COMPUTADORPAGOSELECTRONICOS8.png\" class=\" additional-class-628204586   bd-imagestyles-126 bd-own-margins\"><!--{content}--><!--{\/content}--><!--[\/image]-->                    <!--{\/content}-->\n                <\/div>\n            <\/div>\n        <\/div>\n    <!--[\/column]-->\n                        <!--{\/content}-->\n                    <\/div>\n                <\/div>\n            <\/div>\n        <\/div>\n    <!--[\/columns]-->\n<!--{\/content}--><!--[\/fluid]-->\n\t\n\t\t    <!--[columns]-->\n        <style>\n.bd-layoutcontainer-861781620  > .bd-container-inner > .container-fluid:after{display:none;}<\/style><style>.bd-layoutcontainer-861781620 > .bd-container-inner > .container-fluid {padding-left: 0; padding-right: 0;}<\/style>        <style>\n.bd-layoutcolumn-920528594{\n\ttext-align:  center;\n}\n<\/style>        <div class=\" bd-layoutcontainer-861781620  bd-columns bd-no-margins\">\n            <div class=\"bd-container-inner\">\n                <div class=\"container-fluid\">\n                    <div class=\"row\">\n                        <!--{content}-->\n                                <!--[column]-->\n        <div class=\"col-sm-12 bd-columnwrapper-920528594\">\n            <div class=\"bd-column  bd-layoutcolumn-920528594 \">\n                <div class=\"bd-vertical-align-wrapper\">\n                    <!--{content}-->\n                            <!--[text]-->\n        <style>\n.additional-class-1872468693{-webkit-transform:translateX(-50%);-moz-transform:translateX(-50%);-ms-transform:translateX(-50%);transform:translateX(-50%);display:inline-block;margin:14px -50% 16px 50%;}\n.additional-class-1872468693{\n\ttext-align:  center;\n}\n<\/style>        <p class=\" additional-class-1872468693  bd-no-margins bd-content-element\">\n            <!--{content}-->\n                SIFONE COMPANY pensando en las nuevas tendencias de Comercio Electr\u00f3nico y en la implementaci\u00f3n de las pol\u00edticas del Gobierno en L\u00ednea, ha desarrollado integraciones en tiempo real con compa\u00f1\u00edas como Zona Virtual y PayU que le permitir\u00e1n a sus clientes realizar transacciones en l\u00ednea utilizando los m\u00e9todos de pago m\u00e1s utilizados; Tarjeta de cr\u00e9dito, Bot\u00f3n de pagos PSE, Pagos en cajas de los bancos, Pagos en corresponsales no bancarios). Nuestros procesos fueron desarrollados a la medida del sector, pensando en mejorar la productividad de su compa\u00f1\u00eda contabilizando en l\u00ednea y autom\u00e1ticamente las transacciones en su ERP Financiero.            <!--{\/content}-->\n        <\/p>\n    <!--[\/text]-->\n\n\t\n\t\t    <!--[animation]-->\n        <style>\n        .bd-animation-1372307826.animated.zoomIn {\n            -webkit-animation-duration: 1000ms;\n            animation-duration: 1000ms;\n            -webkit-animation-delay: 0ms;\n            animation-delay: 0ms;\n            \n        }\n        <\/style>        <!--{content}-->\n            <!--[button]--><style>\n.additional-class-211010820{display:inline-block;}\n@media (max-width: 767px) {.additional-class-211010820{margin-bottom:9px;}}<\/style><style>.additional-class-211010820 {\n                    text-decoration: inherit;\n\t                display: inline-block;\n\t                speak: none;\n\t            }\n\n                .additional-class-211010820:before {\n                    font-family: 'Billion Web Font';\n\t                font-style: normal;\n\t                font-weight: normal;\n\t                text-decoration: inherit;\n\t                text-align: center;\n\t                text-transform: none;\n\t                width: 1em;\n                }.additional-class-211010820:before { content: '\\17f'; }.additional-class-211010820:before {width: auto; visibility: inherit;}.additional-class-211010820:before{display: inline-block;}<\/style><style>.additional-class-211010820:before {\n        vertical-align: middle;\n        text-decoration: none;\n    }<\/style><style>.additional-class-211010820:hover {\n                    text-decoration: inherit;\n\t                display: inline-block;\n\t                speak: none;\n\t            }\n\n                .additional-class-211010820:hover:before {\n                    font-family: 'Billion Web Font';\n\t                font-style: normal;\n\t                font-weight: normal;\n\t                text-decoration: inherit;\n\t                text-align: center;\n\t                text-transform: none;\n\t                width: 1em;\n                }.additional-class-211010820:hover:before {width: auto; visibility: inherit;}.additional-class-211010820:hover:before{display: inline-block;}<\/style><style>.additional-class-211010820:hover:before {\n        vertical-align: middle;\n        text-decoration: none;\n    }<\/style><a href=\"contactodemo\" class=\"bd-button-315  additional-class-211010820 bd-icon bd-own-margins bd-content-element animated  bd-animation-1372307826 \" data-animation-name=\"zoomIn\" data-animation-event=\"scroll\" data-animation-duration=\"1000ms\" data-animation-delay=\"0ms\" data-animation-infinited=\"false\"><!--{content}-->\nSolicitar demo\n<!--{\/content}--><\/a><!--[\/button]-->        <!--{\/content}-->\n    <!--[\/animation]-->\n\n    \n\t\n\t\t    <!--[animation]-->\n        <style>\n        .bd-animation-1238790871.animated.zoomIn {\n            -webkit-animation-duration: 1000ms;\n            animation-duration: 1000ms;\n            -webkit-animation-delay: 0ms;\n            animation-delay: 0ms;\n            \n        }\n        <\/style>        <!--{content}-->\n            <!--[button]--><style>\n.additional-class-333628677{display:inline-block;}<\/style><style>.additional-class-333628677 {\n                    text-decoration: inherit;\n\t                display: inline-block;\n\t                speak: none;\n\t            }\n\n                .additional-class-333628677:before {\n                    font-family: 'Billion Web Font';\n\t                font-style: normal;\n\t                font-weight: normal;\n\t                text-decoration: inherit;\n\t                text-align: center;\n\t                text-transform: none;\n\t                width: 1em;\n                }.additional-class-333628677:before { content: '\\1a4'; }.additional-class-333628677:before {width: auto; visibility: inherit;}.additional-class-333628677:before{display: inline-block;}<\/style><style>.additional-class-333628677:before {\n        vertical-align: middle;\n        text-decoration: none;\n    }<\/style><style>.additional-class-333628677:hover {\n                    text-decoration: inherit;\n\t                display: inline-block;\n\t                speak: none;\n\t            }\n\n                .additional-class-333628677:hover:before {\n                    font-family: 'Billion Web Font';\n\t                font-style: normal;\n\t                font-weight: normal;\n\t                text-decoration: inherit;\n\t                text-align: center;\n\t                text-transform: none;\n\t                width: 1em;\n                }.additional-class-333628677:hover:before {width: auto; visibility: inherit;}.additional-class-333628677:hover:before{display: inline-block;}<\/style><style>.additional-class-333628677:hover:before {\n        vertical-align: middle;\n        text-decoration: none;\n    }<\/style><a target=\"_blank\" href=\"https:\/\/www.sifonecompany.com\/site\/wp-content\/uploads\/2019\/05\/BROCHURE-SIFONE-2019.pdf\" class=\"bd-button-314  additional-class-333628677 bd-icon bd-own-margins bd-content-element animated  bd-animation-1238790871 \" data-animation-name=\"zoomIn\" data-animation-event=\"scroll\" data-animation-duration=\"1000ms\" data-animation-delay=\"0ms\" data-animation-infinited=\"false\"><!--{content}-->\nDescargar brochure\n<!--{\/content}--><\/a><!--[\/button]-->        <!--{\/content}-->\n    <!--[\/animation]-->\n\n                        <!--{\/content}-->\n                <\/div>\n            <\/div>\n        <\/div>\n    <!--[\/column]-->\n                        <!--{\/content}-->\n                    <\/div>\n                <\/div>\n            <\/div>\n        <\/div>\n    <!--[\/columns]-->\n\t\t\t\t<!--{\/content}-->\n\t\t\t<\/div>\n\t\t<\/section>\n\t<!--[\/section]-->\n\n","protected":false},"excerpt":{"rendered":"","protected":false},"author":1,"featured_media":0,"parent":0,"menu_order":0,"comment_status":"closed","ping_status":"closed","template":"","meta":{"_joinchat":[]},"yoast_head":"<!-- This site is optimized with the Yoast SEO plugin v20.0 - https:\/\/yoast.com\/wordpress\/plugins\/seo\/ -->\r\n<title>Pagos electr\u00f3nicos - Sifone Company<\/title>\r\n<meta name=\"robots\" content=\"index, follow, max-snippet:-1, max-image-preview:large, max-video-preview:-1\" \/>\r\n<link rel=\"canonical\" href=\"https:\/\/www.sifonecompany.com\/site\/pagos-electronicos\/\" \/>\r\n<meta property=\"og:locale\" content=\"es_ES\" \/>\r\n<meta property=\"og:type\" content=\"article\" \/>\r\n<meta property=\"og:title\" content=\"Pagos electr\u00f3nicos - Sifone Company\" \/>\r\n<meta property=\"og:url\" content=\"https:\/\/www.sifonecompany.com\/site\/pagos-electronicos\/\" \/>\r\n<meta property=\"og:site_name\" content=\"Sifone Company\" \/>\r\n<meta property=\"article:publisher\" content=\"https:\/\/web.facebook.com\/sifone.company\" \/>\r\n<meta property=\"article:modified_time\" content=\"2020-04-14T21:43:37+00:00\" \/>\r\n<meta name=\"twitter:card\" content=\"summary_large_image\" \/>\r\n<meta name=\"twitter:site\" content=\"@sifonec\" \/>\r\n<meta name=\"twitter:label1\" content=\"Tiempo de lectura\" \/>\n\t<meta name=\"twitter:data1\" content=\"3 minutos\" \/>\r\n<script type=\"application\/ld+json\" class=\"yoast-schema-graph\">{\"@context\":\"https:\/\/schema.org\",\"@graph\":[{\"@type\":\"WebPage\",\"@id\":\"https:\/\/www.sifonecompany.com\/site\/pagos-electronicos\/\",\"url\":\"https:\/\/www.sifonecompany.com\/site\/pagos-electronicos\/\",\"name\":\"Pagos electr\u00f3nicos - Sifone Company\",\"isPartOf\":{\"@id\":\"https:\/\/www.sifonecompany.com\/site\/#website\"},\"datePublished\":\"2019-06-13T15:19:29+00:00\",\"dateModified\":\"2020-04-14T21:43:37+00:00\",\"breadcrumb\":{\"@id\":\"https:\/\/www.sifonecompany.com\/site\/pagos-electronicos\/#breadcrumb\"},\"inLanguage\":\"es\",\"potentialAction\":[{\"@type\":\"ReadAction\",\"target\":[\"https:\/\/www.sifonecompany.com\/site\/pagos-electronicos\/\"]}]},{\"@type\":\"BreadcrumbList\",\"@id\":\"https:\/\/www.sifonecompany.com\/site\/pagos-electronicos\/#breadcrumb\",\"itemListElement\":[{\"@type\":\"ListItem\",\"position\":1,\"name\":\"Portada\",\"item\":\"https:\/\/www.sifonecompany.com\/site\/\"},{\"@type\":\"ListItem\",\"position\":2,\"name\":\"Pagos electr\u00f3nicos\"}]},{\"@type\":\"WebSite\",\"@id\":\"https:\/\/www.sifonecompany.com\/site\/#website\",\"url\":\"https:\/\/www.sifonecompany.com\/site\/\",\"name\":\"Sifone Company\",\"description\":\"Software para Cooperativas de Ahorro y Cr\u00e9dito - Aporte y Cr\u00e9dito | Fondos de Empleados | Sistema de Gesti\u00f3n para Entidades de Cr\u00e9dito, Financieras y Mutuales\",\"publisher\":{\"@id\":\"https:\/\/www.sifonecompany.com\/site\/#organization\"},\"potentialAction\":[{\"@type\":\"SearchAction\",\"target\":{\"@type\":\"EntryPoint\",\"urlTemplate\":\"https:\/\/www.sifonecompany.com\/site\/?s={search_term_string}\"},\"query-input\":\"required name=search_term_string\"}],\"inLanguage\":\"es\"},{\"@type\":\"Organization\",\"@id\":\"https:\/\/www.sifonecompany.com\/site\/#organization\",\"name\":\"Sifone Company\",\"url\":\"https:\/\/www.sifonecompany.com\/site\/\",\"logo\":{\"@type\":\"ImageObject\",\"inLanguage\":\"es\",\"@id\":\"https:\/\/www.sifonecompany.com\/site\/#\/schema\/logo\/image\/\",\"url\":\"https:\/\/www.sifonecompany.com\/site\/wp-content\/uploads\/2019\/07\/Sifone-Company.png\",\"contentUrl\":\"https:\/\/www.sifonecompany.com\/site\/wp-content\/uploads\/2019\/07\/Sifone-Company.png\",\"width\":366,\"height\":99,\"caption\":\"Sifone Company\"},\"image\":{\"@id\":\"https:\/\/www.sifonecompany.com\/site\/#\/schema\/logo\/image\/\"},\"sameAs\":[\"https:\/\/www.linkedin.com\/in\/sifonecompany\/\",\"https:\/\/www.youtube.com\/channel\/UCVhLJXfxEkgNX3pI2lkgEFw\",\"https:\/\/web.facebook.com\/sifone.company\",\"https:\/\/twitter.com\/sifonec\"]}]}<\/script>\r\n<!-- \/ Yoast SEO plugin. -->","yoast_head_json":{"title":"Pagos electr\u00f3nicos - Sifone Company","robots":{"index":"index","follow":"follow","max-snippet":"max-snippet:-1","max-image-preview":"max-image-preview:large","max-video-preview":"max-video-preview:-1"},"canonical":"https:\/\/www.sifonecompany.com\/site\/pagos-electronicos\/","og_locale":"es_ES","og_type":"article","og_title":"Pagos electr\u00f3nicos - Sifone Company","og_url":"https:\/\/www.sifonecompany.com\/site\/pagos-electronicos\/","og_site_name":"Sifone Company","article_publisher":"https:\/\/web.facebook.com\/sifone.company","article_modified_time":"2020-04-14T21:43:37+00:00","twitter_card":"summary_large_image","twitter_site":"@sifonec","twitter_misc":{"Tiempo de lectura":"3 minutos"},"schema":{"@context":"https:\/\/schema.org","@graph":[{"@type":"WebPage","@id":"https:\/\/www.sifonecompany.com\/site\/pagos-electronicos\/","url":"https:\/\/www.sifonecompany.com\/site\/pagos-electronicos\/","name":"Pagos electr\u00f3nicos - Sifone Company","isPartOf":{"@id":"https:\/\/www.sifonecompany.com\/site\/#website"},"datePublished":"2019-06-13T15:19:29+00:00","dateModified":"2020-04-14T21:43:37+00:00","breadcrumb":{"@id":"https:\/\/www.sifonecompany.com\/site\/pagos-electronicos\/#breadcrumb"},"inLanguage":"es","potentialAction":[{"@type":"ReadAction","target":["https:\/\/www.sifonecompany.com\/site\/pagos-electronicos\/"]}]},{"@type":"BreadcrumbList","@id":"https:\/\/www.sifonecompany.com\/site\/pagos-electronicos\/#breadcrumb","itemListElement":[{"@type":"ListItem","position":1,"name":"Portada","item":"https:\/\/www.sifonecompany.com\/site\/"},{"@type":"ListItem","position":2,"name":"Pagos electr\u00f3nicos"}]},{"@type":"WebSite","@id":"https:\/\/www.sifonecompany.com\/site\/#website","url":"https:\/\/www.sifonecompany.com\/site\/","name":"Sifone Company","description":"Software para Cooperativas de Ahorro y Cr\u00e9dito - Aporte y Cr\u00e9dito | Fondos de Empleados | Sistema de Gesti\u00f3n para Entidades de Cr\u00e9dito, Financieras y Mutuales","publisher":{"@id":"https:\/\/www.sifonecompany.com\/site\/#organization"},"potentialAction":[{"@type":"SearchAction","target":{"@type":"EntryPoint","urlTemplate":"https:\/\/www.sifonecompany.com\/site\/?s={search_term_string}"},"query-input":"required name=search_term_string"}],"inLanguage":"es"},{"@type":"Organization","@id":"https:\/\/www.sifonecompany.com\/site\/#organization","name":"Sifone Company","url":"https:\/\/www.sifonecompany.com\/site\/","logo":{"@type":"ImageObject","inLanguage":"es","@id":"https:\/\/www.sifonecompany.com\/site\/#\/schema\/logo\/image\/","url":"https:\/\/www.sifonecompany.com\/site\/wp-content\/uploads\/2019\/07\/Sifone-Company.png","contentUrl":"https:\/\/www.sifonecompany.com\/site\/wp-content\/uploads\/2019\/07\/Sifone-Company.png","width":366,"height":99,"caption":"Sifone Company"},"image":{"@id":"https:\/\/www.sifonecompany.com\/site\/#\/schema\/logo\/image\/"},"sameAs":["https:\/\/www.linkedin.com\/in\/sifonecompany\/","https:\/\/www.youtube.com\/channel\/UCVhLJXfxEkgNX3pI2lkgEFw","https:\/\/web.facebook.com\/sifone.company","https:\/\/twitter.com\/sifonec"]}]}},"_links":{"self":[{"href":"https:\/\/www.sifonecompany.com\/site\/wp-json\/wp\/v2\/pages\/1198"}],"collection":[{"href":"https:\/\/www.sifonecompany.com\/site\/wp-json\/wp\/v2\/pages"}],"about":[{"href":"https:\/\/www.sifonecompany.com\/site\/wp-json\/wp\/v2\/types\/page"}],"author":[{"embeddable":true,"href":"https:\/\/www.sifonecompany.com\/site\/wp-json\/wp\/v2\/users\/1"}],"replies":[{"embeddable":true,"href":"https:\/\/www.sifonecompany.com\/site\/wp-json\/wp\/v2\/comments?post=1198"}],"version-history":[{"count":7,"href":"https:\/\/www.sifonecompany.com\/site\/wp-json\/wp\/v2\/pages\/1198\/revisions"}],"predecessor-version":[{"id":1600,"href":"https:\/\/www.sifonecompany.com\/site\/wp-json\/wp\/v2\/pages\/1198\/revisions\/1600"}],"wp:attachment":[{"href":"https:\/\/www.sifonecompany.com\/site\/wp-json\/wp\/v2\/media?parent=1198"}],"curies":[{"name":"wp","href":"https:\/\/api.w.org\/{rel}","templated":true}]}}