{"id":1174,"date":"2019-06-06T22:42:26","date_gmt":"2019-06-06T22:42:26","guid":{"rendered":"https:\/\/www.sifonecompany.com\/site\/?page_id=1174"},"modified":"2019-07-26T19:02:47","modified_gmt":"2019-07-26T19:02:47","slug":"formulario-de-eventos","status":"publish","type":"page","link":"https:\/\/www.sifonecompany.com\/site\/formulario-de-eventos\/","title":{"rendered":"Formulario de eventos"},"content":{"rendered":"    <!--[section]-->\n\t\t<style>\n.bd-section-1395945743{background-color:#ffffff;padding-top:1em;padding-right:2em;padding-left:2em;}\n@media (max-width: 767px) {.bd-section-1395945743{padding-right:1em;padding-left:1em;}}\n.bd-section-1395945743{\n\tline-height:  27.2px;\n\tfont-size:  16px;\n\tcolor:  #777777;\n\ttext-align:  center;\n\tletter-spacing:  1px;\n\tfont-weight:  500;\n}\n.bd-section-1395945743 h1{\n\tline-height:  41.4px;\n\tcolor:  #333333;\n\tfont-size:  36px;\n\tfont-weight:  normal;\n}\n\n@media (max-width: 767px) {.bd-section-1395945743{\n\tline-height:  20.00000001px;\n\tfont-size:  14px;\n}\n}<\/style>\t\t<section id=section4 class=\" bd-section-1395945743  bd-tagstyles\" data-section-title=\"Four Columns With Header\">\n\t\t\t<div class=\"bd-container-inner bd-margins clearfix\">\n\t\t\t\t<!--{content}-->\n\t\t\t\t\t    <!--[columns]-->\n        <style>\n.bd-layoutcontainer-330353056 > .bd-container-inner > .container-fluid > .row{margin-left:0px;margin-right:0px;}\n.bd-layoutcontainer-330353056 > .bd-container-inner > .container-fluid > .row > div{padding-left:0px;padding-right:0px;}\n.bd-layoutcontainer-330353056  > .bd-container-inner > .container-fluid:after{display:none;}<\/style><style>\n.bd-layoutcontainer-330353056 > .bd-container-inner > .container-fluid, .bd-layoutcontainer-330353056 > .bd-container-inner > .container-fluid > .row{height:100%;}<\/style><style>.bd-layoutcontainer-330353056 > .bd-container-inner > .container-fluid {padding-left: 0; padding-right: 0;}<\/style>        <style>\n.bd-layoutcolumn-1142955697{position:relative;}<\/style>        <div class=\" bd-layoutcontainer-330353056  bd-columns bd-no-margins\">\n            <div class=\"bd-container-inner\">\n                <div class=\"container-fluid\">\n                    <div class=\"row bd-row-flex bd-row-align-middle\">\n                        <!--{content}-->\n                                <!--[column]-->\n        <div class=\"col-lg-12 col-md-12 col-sm-12 bd-columnwrapper-1142955697\">\n            <div class=\"bd-column  bd-layoutcolumn-1142955697 \">\n                <div class=\"bd-vertical-align-wrapper\">\n                    <!--{content}-->\n                        <!--[layoutbox]--><style>\n.additional-class-1514906670{background-color:#ededed;padding:1em;}<\/style><div class=\"clearfix  additional-class-1514906670  bd-no-margins\"><div class=\"bd-container-inner\"><!--{content}-->    <!--[text]-->\n        <style>\n.additional-class-835934612{margin-bottom:18px;margin-top:11px;}\n@media (max-width: 991px) {h3.additional-class-835934612{\n\tline-height:  34.2857143px;\n\tfont-size:  24px;\n}\n}\n@media (max-width: 767px) {h3.additional-class-835934612{\n\tline-height:  25.71428572px;\n\tfont-size:  18px;\n}\n}<\/style>        <h3 class=\" additional-class-835934612  bd-content-element\">\n            <!--{content}-->\n                Reserve su cupo diligenciando el siguiente formulario:            <!--{\/content}-->\n        <\/h3>\n    <!--[\/text]-->\n\n\n<!--[html]--><style>\n.additional-class-654307213{background-color:rgba(255, 255, 255, 0.5);margin-top:18px;border:1px dotted rgba(51, 51, 51, 0.25);border-radius:0px;}<\/style><style><\/style><div class=\"bd-tagstyles  additional-class-654307213 \"><div class=\"bd-container-inner bd-content-element\"><!--{content}--><div class=\"bd-sidebar-6 clearfix\">\n<div class=\"bd-blockcontent bd-tagstyles\">\n<div class=\"wpcf7 no-js\" id=\"wpcf7-f1178-o1\" lang=\"es-ES\" dir=\"ltr\">\n<div class=\"screen-reader-response\"><p role=\"status\" aria-live=\"polite\" aria-atomic=\"true\"><\/p> <ul><\/ul><\/div>\n<form action=\"\/site\/wp-json\/wp\/v2\/pages\/1174#wpcf7-f1178-o1\" method=\"post\" class=\"wpcf7-form init\" aria-label=\"Formulario de contacto\" novalidate=\"novalidate\" data-status=\"init\">\n<div style=\"display: none;\">\n<input type=\"hidden\" name=\"_wpcf7\" value=\"1178\" \/>\n<input type=\"hidden\" name=\"_wpcf7_version\" value=\"5.7.3\" \/>\n<input type=\"hidden\" name=\"_wpcf7_locale\" value=\"es_ES\" \/>\n<input type=\"hidden\" name=\"_wpcf7_unit_tag\" value=\"wpcf7-f1178-o1\" \/>\n<input type=\"hidden\" name=\"_wpcf7_container_post\" value=\"0\" \/>\n<input type=\"hidden\" name=\"_wpcf7_posted_data_hash\" value=\"\" \/>\n<input type=\"hidden\" name=\"_wpcf7_recaptcha_response\" value=\"\" \/>\n<\/div>\n<p><label> * Nombre de la entidad:<br \/>\n<span class=\"wpcf7-form-control-wrap\" data-name=\"your-name\"><input size=\"40\" class=\"wpcf7-form-control wpcf7-text wpcf7-validates-as-required\" aria-required=\"true\" aria-invalid=\"false\" value=\"\" type=\"text\" name=\"your-name\" \/><\/span> <\/label>\n<\/p>\n<p><label> * Nombre del delegado:<br \/>\n<span class=\"wpcf7-form-control-wrap\" data-name=\"your-namedelegado\"><input size=\"40\" class=\"wpcf7-form-control wpcf7-text wpcf7-validates-as-required\" aria-required=\"true\" aria-invalid=\"false\" value=\"\" type=\"text\" name=\"your-namedelegado\" \/><\/span> <\/label>\n<\/p>\n<p><label>* Correo electr\u00f3nico:<br \/>\n<span class=\"wpcf7-form-control-wrap\" data-name=\"your-email\"><input size=\"40\" class=\"wpcf7-form-control wpcf7-text wpcf7-email wpcf7-validates-as-required wpcf7-validates-as-email\" aria-required=\"true\" aria-invalid=\"false\" value=\"\" type=\"email\" name=\"your-email\" \/><\/span> <\/label>\n<\/p>\n<p><label>* Tel\u00e9fono: (requerido)<br \/>\n<span class=\"wpcf7-form-control-wrap\" data-name=\"tel-583\"><input size=\"40\" class=\"wpcf7-form-control wpcf7-text wpcf7-tel wpcf7-validates-as-required wpcf7-validates-as-tel\" aria-required=\"true\" aria-invalid=\"false\" value=\"\" type=\"tel\" name=\"tel-583\" \/><\/span> <\/label>\n<\/p>\n<p><label> Mensaje:<br \/>\n<span class=\"wpcf7-form-control-wrap\" data-name=\"your-message\"><textarea cols=\"40\" rows=\"10\" class=\"wpcf7-form-control wpcf7-textarea\" aria-invalid=\"false\" name=\"your-message\"><\/textarea><\/span> <\/label>\n<\/p>\n<p><span class=\"wpcf7-form-control-wrap\" data-name=\"acceptance-205\"><span class=\"wpcf7-form-control wpcf7-acceptance\"><span class=\"wpcf7-list-item\"><label><input type=\"checkbox\" name=\"acceptance-205\" value=\"1\" checked=\"checked\" aria-invalid=\"false\" \/><span class=\"wpcf7-list-item-label\">Aceptar t\u00e9rminos y condiciones<\/span><\/label><\/span><\/span><\/span>\n<\/p>\n<p><input class=\"wpcf7-form-control has-spinner wpcf7-submit\" type=\"submit\" value=\"Enviar\" \/>\n<\/p><p style=\"display: none !important;\"><label>&#916;<textarea name=\"_wpcf7_ak_hp_textarea\" cols=\"45\" rows=\"8\" maxlength=\"100\"><\/textarea><\/label><input type=\"hidden\" id=\"ak_js_1\" name=\"_wpcf7_ak_js\" value=\"127\"\/><script>document.getElementById( \"ak_js_1\" ).setAttribute( \"value\", ( new Date() ).getTime() );<\/script><\/p><input type='hidden' class='wpcf7-pum' value='{\"closepopup\":false,\"closedelay\":0,\"openpopup\":false,\"openpopup_id\":0}' \/><div class=\"wpcf7-response-output\" aria-hidden=\"true\"><\/div>\n<\/form>\n<\/div>\n<\/div>\n<\/div><!--{\/content}--><\/div><\/div><!--[\/html]-->\n\n<!--[image]--><style>\n.additional-class-245609721{margin-bottom:0.06em;margin-top:1em;width:1254px;}<\/style><style>\n            .additional-class-245609721 > img, img.additional-class-245609721 {\n                max-width: 100%;\n            }\n        <\/style><img src=\"https:\/\/www.sifonecompany.com\/site\/wp-content\/uploads\/2019\/06\/0dac5832bf53ce04309a02e391012c37_PromocionEventoSarlaftPaginaWeb8.png\" class=\" additional-class-245609721   img-thumbnail bd-own-margins\"><!--{content}--><!--{\/content}--><!--[\/image]--><!--{\/content}--><\/div><\/div><!--[\/layoutbox]-->\n\n    <!--[googlemap]-->\n        <style>\n            .additional-class-716211538 {\n                height: 300px;\n                width: 100%;\n                display: block;\n            }\n        <\/style>\n        <style>\n.additional-class-716211538{height:180px;width:100%;display:block;}<\/style>        <div class=\"bd-imagestyles  additional-class-716211538  bd-own-margins\">\n            <div class=\"embed-responsive\" style=\"height: 100%; width: 100%;\">\n                <iframe class=\"embed-responsive-item\" src=\"\/\/maps.google.com\/maps?output=embed&q=Diagonal 40 a # 14 - 35&t=m&hl=English\">\n                <\/iframe>\n            <\/div>\n        <\/div>\n    <!--[\/googlemap]-->\n                    <!--{\/content}-->\n                <\/div>\n            <\/div>\n        <\/div>\n    <!--[\/column]-->\n                        <!--{\/content}-->\n                    <\/div>\n                <\/div>\n            <\/div>\n        <\/div>\n    <!--[\/columns]-->\n\t\t\t\t<!--{\/content}-->\n\t\t\t<\/div>\n\t\t<\/section>\n\t<!--[\/section]-->\n\n","protected":false},"excerpt":{"rendered":"","protected":false},"author":1,"featured_media":0,"parent":0,"menu_order":0,"comment_status":"closed","ping_status":"closed","template":"","meta":{"_joinchat":[]},"yoast_head":"<!-- This site is optimized with the Yoast SEO plugin v20.0 - https:\/\/yoast.com\/wordpress\/plugins\/seo\/ -->\r\n<title>Formulario de eventos - Sifone Company - Registrese aqu\u00ed<\/title>\r\n<meta name=\"description\" content=\"Software en la nube de ahorro y cr\u00e9dito para el Sector Solidario (Cooperativas, Fondos de Empleados), Entidades de Cr\u00e9dito y Financieras.\" \/>\r\n<meta name=\"robots\" content=\"index, nofollow, max-snippet:-1, max-image-preview:large, max-video-preview:-1\" \/>\r\n<link rel=\"canonical\" href=\"https:\/\/www.sifonecompany.com\/site\/formulario-de-eventos\/\" \/>\r\n<meta property=\"og:locale\" content=\"es_ES\" \/>\r\n<meta property=\"og:type\" content=\"article\" \/>\r\n<meta property=\"og:title\" content=\"Formulario de eventos - Sifone Company - Registrese aqu\u00ed\" \/>\r\n<meta property=\"og:description\" content=\"Software en la nube de ahorro y cr\u00e9dito para el Sector Solidario (Cooperativas, Fondos de Empleados), Entidades de Cr\u00e9dito y Financieras.\" \/>\r\n<meta property=\"og:url\" content=\"https:\/\/www.sifonecompany.com\/site\/formulario-de-eventos\/\" \/>\r\n<meta property=\"og:site_name\" content=\"Sifone Company\" \/>\r\n<meta property=\"article:publisher\" content=\"https:\/\/web.facebook.com\/sifone.company\" \/>\r\n<meta property=\"article:modified_time\" content=\"2019-07-26T19:02:47+00:00\" \/>\r\n<meta name=\"twitter:card\" content=\"summary_large_image\" \/>\r\n<meta name=\"twitter:site\" content=\"@sifonec\" \/>\r\n<meta name=\"twitter:label1\" content=\"Tiempo de lectura\" \/>\n\t<meta name=\"twitter:data1\" content=\"1 minuto\" \/>\r\n<script type=\"application\/ld+json\" class=\"yoast-schema-graph\">{\"@context\":\"https:\/\/schema.org\",\"@graph\":[{\"@type\":\"WebPage\",\"@id\":\"https:\/\/www.sifonecompany.com\/site\/formulario-de-eventos\/\",\"url\":\"https:\/\/www.sifonecompany.com\/site\/formulario-de-eventos\/\",\"name\":\"Formulario de eventos - Sifone Company - Registrese aqu\u00ed\",\"isPartOf\":{\"@id\":\"https:\/\/www.sifonecompany.com\/site\/#website\"},\"datePublished\":\"2019-06-06T22:42:26+00:00\",\"dateModified\":\"2019-07-26T19:02:47+00:00\",\"description\":\"Software en la nube de ahorro y cr\u00e9dito para el Sector Solidario (Cooperativas, Fondos de Empleados), Entidades de Cr\u00e9dito y Financieras.\",\"breadcrumb\":{\"@id\":\"https:\/\/www.sifonecompany.com\/site\/formulario-de-eventos\/#breadcrumb\"},\"inLanguage\":\"es\",\"potentialAction\":[{\"@type\":\"ReadAction\",\"target\":[\"https:\/\/www.sifonecompany.com\/site\/formulario-de-eventos\/\"]}]},{\"@type\":\"BreadcrumbList\",\"@id\":\"https:\/\/www.sifonecompany.com\/site\/formulario-de-eventos\/#breadcrumb\",\"itemListElement\":[{\"@type\":\"ListItem\",\"position\":1,\"name\":\"Portada\",\"item\":\"https:\/\/www.sifonecompany.com\/site\/\"},{\"@type\":\"ListItem\",\"position\":2,\"name\":\"Formulario de eventos\"}]},{\"@type\":\"WebSite\",\"@id\":\"https:\/\/www.sifonecompany.com\/site\/#website\",\"url\":\"https:\/\/www.sifonecompany.com\/site\/\",\"name\":\"Sifone Company\",\"description\":\"Software para Cooperativas de Ahorro y Cr\u00e9dito - Aporte y Cr\u00e9dito | Fondos de Empleados | Sistema de Gesti\u00f3n para Entidades de Cr\u00e9dito, Financieras y Mutuales\",\"publisher\":{\"@id\":\"https:\/\/www.sifonecompany.com\/site\/#organization\"},\"potentialAction\":[{\"@type\":\"SearchAction\",\"target\":{\"@type\":\"EntryPoint\",\"urlTemplate\":\"https:\/\/www.sifonecompany.com\/site\/?s={search_term_string}\"},\"query-input\":\"required name=search_term_string\"}],\"inLanguage\":\"es\"},{\"@type\":\"Organization\",\"@id\":\"https:\/\/www.sifonecompany.com\/site\/#organization\",\"name\":\"Sifone Company\",\"url\":\"https:\/\/www.sifonecompany.com\/site\/\",\"logo\":{\"@type\":\"ImageObject\",\"inLanguage\":\"es\",\"@id\":\"https:\/\/www.sifonecompany.com\/site\/#\/schema\/logo\/image\/\",\"url\":\"https:\/\/www.sifonecompany.com\/site\/wp-content\/uploads\/2019\/07\/Sifone-Company.png\",\"contentUrl\":\"https:\/\/www.sifonecompany.com\/site\/wp-content\/uploads\/2019\/07\/Sifone-Company.png\",\"width\":366,\"height\":99,\"caption\":\"Sifone Company\"},\"image\":{\"@id\":\"https:\/\/www.sifonecompany.com\/site\/#\/schema\/logo\/image\/\"},\"sameAs\":[\"https:\/\/www.linkedin.com\/in\/sifonecompany\/\",\"https:\/\/www.youtube.com\/channel\/UCVhLJXfxEkgNX3pI2lkgEFw\",\"https:\/\/web.facebook.com\/sifone.company\",\"https:\/\/twitter.com\/sifonec\"]}]}<\/script>\r\n<!-- \/ Yoast SEO plugin. -->","yoast_head_json":{"title":"Formulario de eventos - Sifone Company - Registrese aqu\u00ed","description":"Software en la nube de ahorro y cr\u00e9dito para el Sector Solidario (Cooperativas, Fondos de Empleados), Entidades de Cr\u00e9dito y Financieras.","robots":{"index":"index","follow":"nofollow","max-snippet":"max-snippet:-1","max-image-preview":"max-image-preview:large","max-video-preview":"max-video-preview:-1"},"canonical":"https:\/\/www.sifonecompany.com\/site\/formulario-de-eventos\/","og_locale":"es_ES","og_type":"article","og_title":"Formulario de eventos - Sifone Company - Registrese aqu\u00ed","og_description":"Software en la nube de ahorro y cr\u00e9dito para el Sector Solidario (Cooperativas, Fondos de Empleados), Entidades de Cr\u00e9dito y Financieras.","og_url":"https:\/\/www.sifonecompany.com\/site\/formulario-de-eventos\/","og_site_name":"Sifone Company","article_publisher":"https:\/\/web.facebook.com\/sifone.company","article_modified_time":"2019-07-26T19:02:47+00:00","twitter_card":"summary_large_image","twitter_site":"@sifonec","twitter_misc":{"Tiempo de lectura":"1 minuto"},"schema":{"@context":"https:\/\/schema.org","@graph":[{"@type":"WebPage","@id":"https:\/\/www.sifonecompany.com\/site\/formulario-de-eventos\/","url":"https:\/\/www.sifonecompany.com\/site\/formulario-de-eventos\/","name":"Formulario de eventos - Sifone Company - Registrese aqu\u00ed","isPartOf":{"@id":"https:\/\/www.sifonecompany.com\/site\/#website"},"datePublished":"2019-06-06T22:42:26+00:00","dateModified":"2019-07-26T19:02:47+00:00","description":"Software en la nube de ahorro y cr\u00e9dito para el Sector Solidario (Cooperativas, Fondos de Empleados), Entidades de Cr\u00e9dito y Financieras.","breadcrumb":{"@id":"https:\/\/www.sifonecompany.com\/site\/formulario-de-eventos\/#breadcrumb"},"inLanguage":"es","potentialAction":[{"@type":"ReadAction","target":["https:\/\/www.sifonecompany.com\/site\/formulario-de-eventos\/"]}]},{"@type":"BreadcrumbList","@id":"https:\/\/www.sifonecompany.com\/site\/formulario-de-eventos\/#breadcrumb","itemListElement":[{"@type":"ListItem","position":1,"name":"Portada","item":"https:\/\/www.sifonecompany.com\/site\/"},{"@type":"ListItem","position":2,"name":"Formulario de eventos"}]},{"@type":"WebSite","@id":"https:\/\/www.sifonecompany.com\/site\/#website","url":"https:\/\/www.sifonecompany.com\/site\/","name":"Sifone Company","description":"Software para Cooperativas de Ahorro y Cr\u00e9dito - Aporte y Cr\u00e9dito | Fondos de Empleados | Sistema de Gesti\u00f3n para Entidades de Cr\u00e9dito, Financieras y Mutuales","publisher":{"@id":"https:\/\/www.sifonecompany.com\/site\/#organization"},"potentialAction":[{"@type":"SearchAction","target":{"@type":"EntryPoint","urlTemplate":"https:\/\/www.sifonecompany.com\/site\/?s={search_term_string}"},"query-input":"required name=search_term_string"}],"inLanguage":"es"},{"@type":"Organization","@id":"https:\/\/www.sifonecompany.com\/site\/#organization","name":"Sifone Company","url":"https:\/\/www.sifonecompany.com\/site\/","logo":{"@type":"ImageObject","inLanguage":"es","@id":"https:\/\/www.sifonecompany.com\/site\/#\/schema\/logo\/image\/","url":"https:\/\/www.sifonecompany.com\/site\/wp-content\/uploads\/2019\/07\/Sifone-Company.png","contentUrl":"https:\/\/www.sifonecompany.com\/site\/wp-content\/uploads\/2019\/07\/Sifone-Company.png","width":366,"height":99,"caption":"Sifone Company"},"image":{"@id":"https:\/\/www.sifonecompany.com\/site\/#\/schema\/logo\/image\/"},"sameAs":["https:\/\/www.linkedin.com\/in\/sifonecompany\/","https:\/\/www.youtube.com\/channel\/UCVhLJXfxEkgNX3pI2lkgEFw","https:\/\/web.facebook.com\/sifone.company","https:\/\/twitter.com\/sifonec"]}]}},"_links":{"self":[{"href":"https:\/\/www.sifonecompany.com\/site\/wp-json\/wp\/v2\/pages\/1174"}],"collection":[{"href":"https:\/\/www.sifonecompany.com\/site\/wp-json\/wp\/v2\/pages"}],"about":[{"href":"https:\/\/www.sifonecompany.com\/site\/wp-json\/wp\/v2\/types\/page"}],"author":[{"embeddable":true,"href":"https:\/\/www.sifonecompany.com\/site\/wp-json\/wp\/v2\/users\/1"}],"replies":[{"embeddable":true,"href":"https:\/\/www.sifonecompany.com\/site\/wp-json\/wp\/v2\/comments?post=1174"}],"version-history":[{"count":8,"href":"https:\/\/www.sifonecompany.com\/site\/wp-json\/wp\/v2\/pages\/1174\/revisions"}],"predecessor-version":[{"id":1467,"href":"https:\/\/www.sifonecompany.com\/site\/wp-json\/wp\/v2\/pages\/1174\/revisions\/1467"}],"wp:attachment":[{"href":"https:\/\/www.sifonecompany.com\/site\/wp-json\/wp\/v2\/media?parent=1174"}],"curies":[{"name":"wp","href":"https:\/\/api.w.org\/{rel}","templated":true}]}}